{"id":3123,"date":"2025-01-31T13:01:06","date_gmt":"2025-01-31T13:01:06","guid":{"rendered":"https:\/\/itbringsart.com\/bloc\/"},"modified":"2025-03-10T14:52:43","modified_gmt":"2025-03-10T14:52:43","slug":"blog","status":"publish","type":"page","link":"https:\/\/dev.itbringsart.com\/ca\/blog\/","title":{"rendered":"Blog"},"content":{"rendered":"\t\t<div data-elementor-type=\"wp-page\" data-elementor-id=\"3123\" class=\"elementor elementor-3123 elementor-69\" data-elementor-post-type=\"page\">\n\t\t\t\t<div data-dce-background-color=\"#FFFFFF00\" class=\"elementor-element elementor-element-2d26af82 e-con-full e-flex e-con e-parent\" data-id=\"2d26af82\" data-element_type=\"container\" data-e-type=\"container\" data-settings=\"{&quot;background_background&quot;:&quot;classic&quot;}\">\n\t\t\t\t<div class=\"elementor-element elementor-element-625bae5 elementor-grid-4 elementor-grid-tablet-2 elementor-grid-mobile-1 elementor-posts--thumbnail-top elementor-widget elementor-widget-posts\" data-id=\"625bae5\" data-element_type=\"widget\" data-e-type=\"widget\" data-settings=\"{&quot;classic_row_gap&quot;:{&quot;unit&quot;:&quot;px&quot;,&quot;size&quot;:26,&quot;sizes&quot;:[]},&quot;classic_columns&quot;:&quot;4&quot;,&quot;classic_columns_tablet&quot;:&quot;2&quot;,&quot;classic_columns_mobile&quot;:&quot;1&quot;,&quot;classic_row_gap_widescreen&quot;:{&quot;unit&quot;:&quot;px&quot;,&quot;size&quot;:&quot;&quot;,&quot;sizes&quot;:[]},&quot;classic_row_gap_tablet&quot;:{&quot;unit&quot;:&quot;px&quot;,&quot;size&quot;:&quot;&quot;,&quot;sizes&quot;:[]},&quot;classic_row_gap_mobile&quot;:{&quot;unit&quot;:&quot;px&quot;,&quot;size&quot;:&quot;&quot;,&quot;sizes&quot;:[]}}\" data-widget_type=\"posts.classic\">\n\t\t\t\t<div class=\"elementor-widget-container\">\n\t\t\t\t\t\t\t<div class=\"elementor-posts-container elementor-posts elementor-posts--skin-classic elementor-grid\" role=\"list\">\n\t\t\t\t<article class=\"elementor-post elementor-grid-item post-3159 post type-post status-publish format-standard has-post-thumbnail hentry category-sense-categoria\" role=\"listitem\">\n\t\t\t\t<a class=\"elementor-post__thumbnail__link\" href=\"https:\/\/dev.itbringsart.com\/ca\/tendencies-de-marxandatge-per-al-2025\/\" tabindex=\"-1\" >\n\t\t\t<div class=\"elementor-post__thumbnail\"><img fetchpriority=\"high\" decoding=\"async\" width=\"768\" height=\"512\" src=\"https:\/\/dev.itbringsart.com\/wp-content\/uploads\/2024\/11\/Articulo-1_1-1-768x512.webp\" class=\"attachment-medium_large size-medium_large wp-image-3523\" alt=\"\" srcset=\"https:\/\/dev.itbringsart.com\/wp-content\/uploads\/2024\/11\/Articulo-1_1-1-768x512.webp 768w, https:\/\/dev.itbringsart.com\/wp-content\/uploads\/2024\/11\/Articulo-1_1-1-300x200.webp 300w, https:\/\/dev.itbringsart.com\/wp-content\/uploads\/2024\/11\/Articulo-1_1-1-1024x683.webp 1024w, https:\/\/dev.itbringsart.com\/wp-content\/uploads\/2024\/11\/Articulo-1_1-1-600x400.webp 600w, https:\/\/dev.itbringsart.com\/wp-content\/uploads\/2024\/11\/Articulo-1_1-1.webp 1500w\" sizes=\"(max-width: 768px) 100vw, 768px\" \/><\/div>\n\t\t<\/a>\n\t\t\t\t<div class=\"elementor-post__text\">\n\t\t\t\t<h3 class=\"elementor-post__title\">\n\t\t\t<a href=\"https:\/\/dev.itbringsart.com\/ca\/tendencies-de-marxandatge-per-al-2025\/\" >\n\t\t\t\tTend\u00e8ncies de marxandatge per al 2025\t\t\t<\/a>\n\t\t<\/h3>\n\t\t\t\t<div class=\"elementor-post__meta-data\">\n\t\t\t\t\t<span class=\"elementor-post-date\">\n\t\t\tnovembre 12, 2024\t\t<\/span>\n\t\t\t\t<\/div>\n\t\t\t\t<\/div>\n\t\t\t\t<\/article>\n\t\t\t\t<article class=\"elementor-post elementor-grid-item post-3170 post type-post status-publish format-standard has-post-thumbnail hentry category-sense-categoria\" role=\"listitem\">\n\t\t\t\t<a class=\"elementor-post__thumbnail__link\" href=\"https:\/\/dev.itbringsart.com\/ca\/comercialitzacio-ecologica-com-canviar-a-alternatives-sostenibles\/\" tabindex=\"-1\" >\n\t\t\t<div class=\"elementor-post__thumbnail\"><img decoding=\"async\" width=\"768\" height=\"512\" src=\"https:\/\/dev.itbringsart.com\/wp-content\/uploads\/2024\/11\/Articulo-2_1-768x512.webp\" class=\"attachment-medium_large size-medium_large wp-image-3495\" alt=\"\" srcset=\"https:\/\/dev.itbringsart.com\/wp-content\/uploads\/2024\/11\/Articulo-2_1-768x512.webp 768w, https:\/\/dev.itbringsart.com\/wp-content\/uploads\/2024\/11\/Articulo-2_1-300x200.webp 300w, https:\/\/dev.itbringsart.com\/wp-content\/uploads\/2024\/11\/Articulo-2_1-1024x683.webp 1024w, https:\/\/dev.itbringsart.com\/wp-content\/uploads\/2024\/11\/Articulo-2_1-600x400.webp 600w, https:\/\/dev.itbringsart.com\/wp-content\/uploads\/2024\/11\/Articulo-2_1.webp 1500w\" sizes=\"(max-width: 768px) 100vw, 768px\" \/><\/div>\n\t\t<\/a>\n\t\t\t\t<div class=\"elementor-post__text\">\n\t\t\t\t<h3 class=\"elementor-post__title\">\n\t\t\t<a href=\"https:\/\/dev.itbringsart.com\/ca\/comercialitzacio-ecologica-com-canviar-a-alternatives-sostenibles\/\" >\n\t\t\t\tComercialitzaci\u00f3 ecol\u00f2gica: com canviar a alternatives sostenibles\t\t\t<\/a>\n\t\t<\/h3>\n\t\t\t\t<div class=\"elementor-post__meta-data\">\n\t\t\t\t\t<span class=\"elementor-post-date\">\n\t\t\tjuliol 14, 2024\t\t<\/span>\n\t\t\t\t<\/div>\n\t\t\t\t<\/div>\n\t\t\t\t<\/article>\n\t\t\t\t<article class=\"elementor-post elementor-grid-item post-3162 post type-post status-publish format-standard has-post-thumbnail hentry category-sense-categoria\" role=\"listitem\">\n\t\t\t\t<a class=\"elementor-post__thumbnail__link\" href=\"https:\/\/dev.itbringsart.com\/ca\/exposicio-jules-verne-una-experiencia-immersiva-extraordinaria\/\" tabindex=\"-1\" >\n\t\t\t<div class=\"elementor-post__thumbnail\"><img decoding=\"async\" width=\"768\" height=\"512\" src=\"https:\/\/dev.itbringsart.com\/wp-content\/uploads\/2024\/11\/Articulo-3_1-768x512.webp\" class=\"attachment-medium_large size-medium_large wp-image-3498\" alt=\"\" srcset=\"https:\/\/dev.itbringsart.com\/wp-content\/uploads\/2024\/11\/Articulo-3_1-768x512.webp 768w, https:\/\/dev.itbringsart.com\/wp-content\/uploads\/2024\/11\/Articulo-3_1-300x200.webp 300w, https:\/\/dev.itbringsart.com\/wp-content\/uploads\/2024\/11\/Articulo-3_1-1024x683.webp 1024w, https:\/\/dev.itbringsart.com\/wp-content\/uploads\/2024\/11\/Articulo-3_1-600x400.webp 600w, https:\/\/dev.itbringsart.com\/wp-content\/uploads\/2024\/11\/Articulo-3_1.webp 1500w\" sizes=\"(max-width: 768px) 100vw, 768px\" \/><\/div>\n\t\t<\/a>\n\t\t\t\t<div class=\"elementor-post__text\">\n\t\t\t\t<h3 class=\"elementor-post__title\">\n\t\t\t<a href=\"https:\/\/dev.itbringsart.com\/ca\/exposicio-jules-verne-una-experiencia-immersiva-extraordinaria\/\" >\n\t\t\t\tExposici\u00f3 Jules Verne: Una experi\u00e8ncia immersiva extraordin\u00e0ria\t\t\t<\/a>\n\t\t<\/h3>\n\t\t\t\t<div class=\"elementor-post__meta-data\">\n\t\t\t\t\t<span class=\"elementor-post-date\">\n\t\t\tjuliol 11, 2024\t\t<\/span>\n\t\t\t\t<\/div>\n\t\t\t\t<\/div>\n\t\t\t\t<\/article>\n\t\t\t\t<article class=\"elementor-post elementor-grid-item post-3172 post type-post status-publish format-standard has-post-thumbnail hentry category-sense-categoria\" role=\"listitem\">\n\t\t\t\t<a class=\"elementor-post__thumbnail__link\" href=\"https:\/\/dev.itbringsart.com\/ca\/la-llegenda-del-titanic-lexposicio-immersiva\/\" tabindex=\"-1\" >\n\t\t\t<div class=\"elementor-post__thumbnail\"><img loading=\"lazy\" decoding=\"async\" width=\"768\" height=\"512\" src=\"https:\/\/dev.itbringsart.com\/wp-content\/uploads\/2024\/11\/Articulo-4_1-768x512.webp\" class=\"attachment-medium_large size-medium_large wp-image-3501\" alt=\"\" srcset=\"https:\/\/dev.itbringsart.com\/wp-content\/uploads\/2024\/11\/Articulo-4_1-768x512.webp 768w, https:\/\/dev.itbringsart.com\/wp-content\/uploads\/2024\/11\/Articulo-4_1-300x200.webp 300w, https:\/\/dev.itbringsart.com\/wp-content\/uploads\/2024\/11\/Articulo-4_1-1024x683.webp 1024w, https:\/\/dev.itbringsart.com\/wp-content\/uploads\/2024\/11\/Articulo-4_1-600x400.webp 600w, https:\/\/dev.itbringsart.com\/wp-content\/uploads\/2024\/11\/Articulo-4_1.webp 1500w\" sizes=\"(max-width: 768px) 100vw, 768px\" \/><\/div>\n\t\t<\/a>\n\t\t\t\t<div class=\"elementor-post__text\">\n\t\t\t\t<h3 class=\"elementor-post__title\">\n\t\t\t<a href=\"https:\/\/dev.itbringsart.com\/ca\/la-llegenda-del-titanic-lexposicio-immersiva\/\" >\n\t\t\t\tLa llegenda del Titanic: l&#8217;exposici\u00f3 immersiva\t\t\t<\/a>\n\t\t<\/h3>\n\t\t\t\t<div class=\"elementor-post__meta-data\">\n\t\t\t\t\t<span class=\"elementor-post-date\">\n\t\t\tjuliol 7, 2024\t\t<\/span>\n\t\t\t\t<\/div>\n\t\t\t\t<\/div>\n\t\t\t\t<\/article>\n\t\t\t\t<article class=\"elementor-post elementor-grid-item post-3165 post type-post status-publish format-standard has-post-thumbnail hentry category-sense-categoria\" role=\"listitem\">\n\t\t\t\t<a class=\"elementor-post__thumbnail__link\" href=\"https:\/\/dev.itbringsart.com\/ca\/mes-enlla-de-la-botiga-de-regals-limpacte-del-marxandatge-dels-museus\/\" tabindex=\"-1\" >\n\t\t\t<div class=\"elementor-post__thumbnail\"><img loading=\"lazy\" decoding=\"async\" width=\"768\" height=\"512\" src=\"https:\/\/dev.itbringsart.com\/wp-content\/uploads\/2024\/11\/Articulo-5_1-768x512.webp\" class=\"attachment-medium_large size-medium_large wp-image-3504\" alt=\"\" srcset=\"https:\/\/dev.itbringsart.com\/wp-content\/uploads\/2024\/11\/Articulo-5_1-768x512.webp 768w, https:\/\/dev.itbringsart.com\/wp-content\/uploads\/2024\/11\/Articulo-5_1-300x200.webp 300w, https:\/\/dev.itbringsart.com\/wp-content\/uploads\/2024\/11\/Articulo-5_1-1024x683.webp 1024w, https:\/\/dev.itbringsart.com\/wp-content\/uploads\/2024\/11\/Articulo-5_1-600x400.webp 600w, https:\/\/dev.itbringsart.com\/wp-content\/uploads\/2024\/11\/Articulo-5_1.webp 1500w\" sizes=\"(max-width: 768px) 100vw, 768px\" \/><\/div>\n\t\t<\/a>\n\t\t\t\t<div class=\"elementor-post__text\">\n\t\t\t\t<h3 class=\"elementor-post__title\">\n\t\t\t<a href=\"https:\/\/dev.itbringsart.com\/ca\/mes-enlla-de-la-botiga-de-regals-limpacte-del-marxandatge-dels-museus\/\" >\n\t\t\t\tM\u00e9s enll\u00e0 de la botiga de regals: l&#8217;impacte del marxandatge dels museus\t\t\t<\/a>\n\t\t<\/h3>\n\t\t\t\t<div class=\"elementor-post__meta-data\">\n\t\t\t\t\t<span class=\"elementor-post-date\">\n\t\t\tjuny 26, 2024\t\t<\/span>\n\t\t\t\t<\/div>\n\t\t\t\t<\/div>\n\t\t\t\t<\/article>\n\t\t\t\t<\/div>\n\t\t\n\t\t\t\t\t\t<\/div>\n\t\t\t\t<\/div>\n\t\t\t\t<\/div>\n\t\t\t\t<\/div>\n\t\t","protected":false},"excerpt":{"rendered":"","protected":false},"author":1,"featured_media":0,"parent":0,"menu_order":0,"comment_status":"closed","ping_status":"closed","template":"","meta":{"footnotes":""},"class_list":["post-3123","page","type-page","status-publish","hentry"],"yoast_head":"<!-- This site is optimized with the Yoast SEO plugin v26.9 - https:\/\/yoast.com\/product\/yoast-seo-wordpress\/ -->\n<title>Blog - Itbringsart DEV<\/title>\n<meta name=\"robots\" content=\"noindex, follow, max-snippet:-1, max-image-preview:large, max-video-preview:-1\" \/>\n<meta property=\"og:locale\" content=\"ca_ES\" \/>\n<meta property=\"og:type\" content=\"article\" \/>\n<meta property=\"og:title\" content=\"Blog - Itbringsart DEV\" \/>\n<meta property=\"og:url\" content=\"https:\/\/dev.itbringsart.com\/ca\/blog\/\" \/>\n<meta property=\"og:site_name\" content=\"Itbringsart DEV\" \/>\n<meta property=\"article:modified_time\" content=\"2025-03-10T14:52:43+00:00\" \/>\n<meta name=\"twitter:card\" content=\"summary_large_image\" \/>\n<script type=\"application\/ld+json\" class=\"yoast-schema-graph\">{\"@context\":\"https:\/\/schema.org\",\"@graph\":[{\"@type\":\"WebPage\",\"@id\":\"https:\/\/dev.itbringsart.com\/ca\/blog\/\",\"url\":\"https:\/\/dev.itbringsart.com\/ca\/blog\/\",\"name\":\"Blog - Itbringsart DEV\",\"isPartOf\":{\"@id\":\"https:\/\/dev.itbringsart.com\/ca\/#website\"},\"datePublished\":\"2025-01-31T13:01:06+00:00\",\"dateModified\":\"2025-03-10T14:52:43+00:00\",\"breadcrumb\":{\"@id\":\"https:\/\/dev.itbringsart.com\/ca\/blog\/#breadcrumb\"},\"inLanguage\":\"ca\",\"potentialAction\":[{\"@type\":\"ReadAction\",\"target\":[\"https:\/\/dev.itbringsart.com\/ca\/blog\/\"]}]},{\"@type\":\"BreadcrumbList\",\"@id\":\"https:\/\/dev.itbringsart.com\/ca\/blog\/#breadcrumb\",\"itemListElement\":[{\"@type\":\"ListItem\",\"position\":1,\"name\":\"Portada\",\"item\":\"https:\/\/dev.itbringsart.com\/ca\/\"},{\"@type\":\"ListItem\",\"position\":2,\"name\":\"Blog\"}]},{\"@type\":\"WebSite\",\"@id\":\"https:\/\/dev.itbringsart.com\/ca\/#website\",\"url\":\"https:\/\/dev.itbringsart.com\/ca\/\",\"name\":\"Itbringsart DEV\",\"description\":\"Design to commemorate art\",\"potentialAction\":[{\"@type\":\"SearchAction\",\"target\":{\"@type\":\"EntryPoint\",\"urlTemplate\":\"https:\/\/dev.itbringsart.com\/ca\/?s={search_term_string}\"},\"query-input\":{\"@type\":\"PropertyValueSpecification\",\"valueRequired\":true,\"valueName\":\"search_term_string\"}}],\"inLanguage\":\"ca\"}]}<\/script>\n<!-- \/ Yoast SEO plugin. -->","yoast_head_json":{"title":"Blog - Itbringsart DEV","robots":{"index":"noindex","follow":"follow","max-snippet":"max-snippet:-1","max-image-preview":"max-image-preview:large","max-video-preview":"max-video-preview:-1"},"og_locale":"ca_ES","og_type":"article","og_title":"Blog - Itbringsart DEV","og_url":"https:\/\/dev.itbringsart.com\/ca\/blog\/","og_site_name":"Itbringsart DEV","article_modified_time":"2025-03-10T14:52:43+00:00","twitter_card":"summary_large_image","schema":{"@context":"https:\/\/schema.org","@graph":[{"@type":"WebPage","@id":"https:\/\/dev.itbringsart.com\/ca\/blog\/","url":"https:\/\/dev.itbringsart.com\/ca\/blog\/","name":"Blog - Itbringsart DEV","isPartOf":{"@id":"https:\/\/dev.itbringsart.com\/ca\/#website"},"datePublished":"2025-01-31T13:01:06+00:00","dateModified":"2025-03-10T14:52:43+00:00","breadcrumb":{"@id":"https:\/\/dev.itbringsart.com\/ca\/blog\/#breadcrumb"},"inLanguage":"ca","potentialAction":[{"@type":"ReadAction","target":["https:\/\/dev.itbringsart.com\/ca\/blog\/"]}]},{"@type":"BreadcrumbList","@id":"https:\/\/dev.itbringsart.com\/ca\/blog\/#breadcrumb","itemListElement":[{"@type":"ListItem","position":1,"name":"Portada","item":"https:\/\/dev.itbringsart.com\/ca\/"},{"@type":"ListItem","position":2,"name":"Blog"}]},{"@type":"WebSite","@id":"https:\/\/dev.itbringsart.com\/ca\/#website","url":"https:\/\/dev.itbringsart.com\/ca\/","name":"Itbringsart DEV","description":"Design to commemorate art","potentialAction":[{"@type":"SearchAction","target":{"@type":"EntryPoint","urlTemplate":"https:\/\/dev.itbringsart.com\/ca\/?s={search_term_string}"},"query-input":{"@type":"PropertyValueSpecification","valueRequired":true,"valueName":"search_term_string"}}],"inLanguage":"ca"}]}},"_links":{"self":[{"href":"https:\/\/dev.itbringsart.com\/ca\/wp-json\/wp\/v2\/pages\/3123","targetHints":{"allow":["GET"]}}],"collection":[{"href":"https:\/\/dev.itbringsart.com\/ca\/wp-json\/wp\/v2\/pages"}],"about":[{"href":"https:\/\/dev.itbringsart.com\/ca\/wp-json\/wp\/v2\/types\/page"}],"author":[{"embeddable":true,"href":"https:\/\/dev.itbringsart.com\/ca\/wp-json\/wp\/v2\/users\/1"}],"replies":[{"embeddable":true,"href":"https:\/\/dev.itbringsart.com\/ca\/wp-json\/wp\/v2\/comments?post=3123"}],"version-history":[{"count":2,"href":"https:\/\/dev.itbringsart.com\/ca\/wp-json\/wp\/v2\/pages\/3123\/revisions"}],"predecessor-version":[{"id":3905,"href":"https:\/\/dev.itbringsart.com\/ca\/wp-json\/wp\/v2\/pages\/3123\/revisions\/3905"}],"wp:attachment":[{"href":"https:\/\/dev.itbringsart.com\/ca\/wp-json\/wp\/v2\/media?parent=3123"}],"curies":[{"name":"wp","href":"https:\/\/api.w.org\/{rel}","templated":true}]}}